{"id":8,"date":"2022-01-07T19:22:43","date_gmt":"2022-01-07T18:22:43","guid":{"rendered":"http:\/\/hakimbagy.com\/?page_id=8"},"modified":"2022-03-15T21:23:44","modified_gmt":"2022-03-15T20:23:44","slug":"a-propos-de","status":"publish","type":"page","link":"https:\/\/hakimbagy.com\/index.php\/a-propos-de\/","title":{"rendered":""},"content":{"rendered":"\t\t<div data-elementor-type=\"wp-page\" data-elementor-id=\"8\" class=\"elementor elementor-8\">\n\t\t\t\t\t\t\t\t\t<section class=\"elementor-section elementor-top-section elementor-element elementor-element-afadb7b elementor-section-boxed elementor-section-height-default elementor-section-height-default\" data-id=\"afadb7b\" data-element_type=\"section\">\n\t\t\t\t\t\t<div class=\"elementor-container elementor-column-gap-wider\">\n\t\t\t\t\t<div class=\"elementor-column elementor-col-33 elementor-top-column elementor-element elementor-element-ad7633a\" data-id=\"ad7633a\" data-element_type=\"column\">\n\t\t\t<div class=\"elementor-widget-wrap elementor-element-populated\">\n\t\t\t\t\t\t\t\t<div class=\"elementor-element elementor-element-c6b15b5 elementor-widget elementor-widget-image\" data-id=\"c6b15b5\" data-element_type=\"widget\" data-widget_type=\"image.default\">\n\t\t\t\t<div class=\"elementor-widget-container\">\n\t\t\t<style>\/*! elementor - v3.11.2 - 22-02-2023 *\/\n.elementor-widget-image{text-align:center}.elementor-widget-image a{display:inline-block}.elementor-widget-image a img[src$=\".svg\"]{width:48px}.elementor-widget-image img{vertical-align:middle;display:inline-block}<\/style>\t\t\t\t\t\t\t\t\t\t\t\t<img loading=\"lazy\" decoding=\"async\" width=\"800\" height=\"602\" src=\"https:\/\/hakimbagy.com\/wp-content\/uploads\/2022\/01\/title-1633941436.jpg\" class=\"attachment-large size-large wp-image-70\" alt=\"\" srcset=\"https:\/\/hakimbagy.com\/wp-content\/uploads\/2022\/01\/title-1633941436.jpg 1000w, https:\/\/hakimbagy.com\/wp-content\/uploads\/2022\/01\/title-1633941436-300x226.jpg 300w, https:\/\/hakimbagy.com\/wp-content\/uploads\/2022\/01\/title-1633941436-768x578.jpg 768w\" sizes=\"auto, (max-width: 800px) 100vw, 800px\" \/>\t\t\t\t\t\t\t\t\t\t\t\t\t\t\t<\/div>\n\t\t\t\t<\/div>\n\t\t\t\t\t<\/div>\n\t\t<\/div>\n\t\t\t\t<div class=\"elementor-column elementor-col-66 elementor-top-column elementor-element elementor-element-0c98841\" data-id=\"0c98841\" data-element_type=\"column\">\n\t\t\t<div class=\"elementor-widget-wrap elementor-element-populated\">\n\t\t\t\t\t\t\t\t<div class=\"elementor-element elementor-element-9bbe19e elementor-widget elementor-widget-text-editor\" data-id=\"9bbe19e\" data-element_type=\"widget\" data-widget_type=\"text-editor.default\">\n\t\t\t\t<div class=\"elementor-widget-container\">\n\t\t\t<style>\/*! elementor - v3.11.2 - 22-02-2023 *\/\n.elementor-widget-text-editor.elementor-drop-cap-view-stacked .elementor-drop-cap{background-color:#818a91;color:#fff}.elementor-widget-text-editor.elementor-drop-cap-view-framed .elementor-drop-cap{color:#818a91;border:3px solid;background-color:transparent}.elementor-widget-text-editor:not(.elementor-drop-cap-view-default) .elementor-drop-cap{margin-top:8px}.elementor-widget-text-editor:not(.elementor-drop-cap-view-default) .elementor-drop-cap-letter{width:1em;height:1em}.elementor-widget-text-editor .elementor-drop-cap{float:left;text-align:center;line-height:1;font-size:50px}.elementor-widget-text-editor .elementor-drop-cap-letter{display:inline-block}<\/style>\t\t\t\t<p class=\"p1\">Je suis n\u00e9 le 31 mars 1968 \u00e0 Chichaoua, village qui se trouve \u00e0 70 km au sud de Marrakech. Etant le 5e d&#8217;une famille de 7 enfants, j&#8217;ai pass\u00e9 toute ma jeunesse dans ce village. Mes journ\u00e9es se d\u00e9roulaient entre mes quatre aller-retour \u00e0 pied de la maison \u00e0 l&#8217;\u00e9cole (soit 8 km) et les parties de football avec mes camarades. <span class=\"Apple-converted-space\">&nbsp;<\/span><\/p>\n<p class=\"p1\">A l&#8217;\u00e2ge de 15 ans, je vais au lyc\u00e9e \u00e0 Marrakech pour entreprendre des <span class=\"Apple-converted-space\">&nbsp; <\/span>\u00e9tudes qui me pr\u00e9parent au m\u00e9tier de professeur de sport. En 1987, apr\u00e8s le baccalaur\u00e9at, mon p\u00e8re d\u00e9cide de m&#8217;envoyer en vacances &nbsp;chez ma s\u0153ur qui r\u00e9side dans le Nord- Est de la France, \u00e0 Longwy.<\/p>\n<p class=\"p1\">C&#8217;est l\u00e0 que commence mon histoire avec l&#8217;athl\u00e9tisme. Pendant ces <span class=\"Apple-converted-space\">&nbsp; <\/span>vacances, le hasard fait que je croise sur ma route le voisin de ma <span class=\"Apple-converted-space\">&nbsp; <\/span>s\u0153ur,&nbsp;qui est l&#8217;entra\u00eeneur d&#8217;athl\u00e9tisme &nbsp;du club local de l&#8217;\u00e9poque. Il me <span class=\"Apple-converted-space\">&nbsp; <\/span>propose alors de faire quelques footings avec lui et &nbsp;r\u00e9ussit \u00e0 me <span class=\"Apple-converted-space\">&nbsp; <\/span>convaincre &nbsp;de rester en France pour pratiquer l&#8217;athl\u00e9tisme. J&#8217;accepte ! Je remporte alors ma premi\u00e8re course en Belgique et selon mon entra\u00eeneur, j&#8217;ai un potentiel r\u00e9el pour la course \u00e0 pied.<\/p>\n<p class=\"p1\">Apr\u00e8s quelques longueurs administratives pour obtenir mes papiers, je <span class=\"Apple-converted-space\">&nbsp; <\/span>m&#8217;inscris dans un lyc\u00e9e priv\u00e9 en terminale A. Ma\u00eetrisant mal la langue fran\u00e7aise, je prends la sage d\u00e9cision de bifurquer avec r\u00e9ussite vers <span class=\"Apple-converted-space\">&nbsp; <\/span>un B.E.P de comptabilit\u00e9 et de secr\u00e9tariat. &nbsp;Une fois mes \u00e9tudes termin\u00e9es, je commence \u00e0 &nbsp;travailler en int\u00e9rim pour gagner ma vie, d\u00e9laissant la course<span class=\"Apple-converted-space\">&nbsp; <\/span>\u00e0 pied par n\u00e9cessit\u00e9. \u00c0 &nbsp;la m\u00eame \u00e9poque, &nbsp;j&#8217;int\u00e8gre un groupe de musique et anime les bals dans la r\u00e9gion .<\/p>\n<p class=\"p1\">En 1994, l&#8217;arm\u00e9e me convoque pour effectuer mon service militaire suite \u00e0 ma naturalisation. On peut dire qu\u2019elle a &nbsp;contribu\u00e9 &nbsp;\u00e0 ma r\u00e9ussite dans<span class=\"Apple-converted-space\">&nbsp; <\/span>l&#8217;athl\u00e9tisme, car au bout d&#8217;une ann\u00e9e je me qualifie aux championnats d&#8217;Europe de cross au Royaume-Uni.<\/p>\n<p class=\"p1\">Un r\u00eave vient de se concr\u00e9tiser, je vais enfin courir dans des grands championnats (d\u2019Europe et du monde).<\/p>\n<p class=\"p1\">En 1997, &nbsp;je rejoins le 40e r\u00e9giment de transmissions de Thionville jusqu&#8217;\u00e0 fin 2009. Ayant choisi de d\u00e9poser les armes, j&#8217;embrasse \u00e0 pr\u00e9sent une nouvelle carri\u00e8re : celle de coach sportif.<\/p>\n<p class=\"p1\">Une nouvelle page est en train de &nbsp;s&#8217;\u00e9crire&#8230; loin de Chichaoua.<\/p>\t\t\t\t\t\t<\/div>\n\t\t\t\t<\/div>\n\t\t\t\t\t<\/div>\n\t\t<\/div>\n\t\t\t\t\t\t\t<\/div>\n\t\t<\/section>\n\t\t\t\t\t\t\t<\/div>\n\t\t","protected":false},"excerpt":{"rendered":"<p>Je suis n\u00e9 le 31 mars 1968 \u00e0 Chichaoua, village qui se trouve \u00e0 70 km au sud de Marrakech. Etant le 5e d&#8217;une famille de 7 enfants, j&#8217;ai pass\u00e9 toute ma jeunesse dans ce village. Mes journ\u00e9es se d\u00e9roulaient entre mes quatre aller-retour \u00e0 pied de la maison \u00e0 l&#8217;\u00e9cole (soit 8 km) et [&hellip;]<\/p>\n","protected":false},"author":1,"featured_media":0,"parent":0,"menu_order":0,"comment_status":"closed","ping_status":"closed","template":"elementor_theme","meta":{"footnotes":""},"class_list":["post-8","page","type-page","status-publish","hentry"],"_links":{"self":[{"href":"https:\/\/hakimbagy.com\/index.php\/wp-json\/wp\/v2\/pages\/8","targetHints":{"allow":["GET"]}}],"collection":[{"href":"https:\/\/hakimbagy.com\/index.php\/wp-json\/wp\/v2\/pages"}],"about":[{"href":"https:\/\/hakimbagy.com\/index.php\/wp-json\/wp\/v2\/types\/page"}],"author":[{"embeddable":true,"href":"https:\/\/hakimbagy.com\/index.php\/wp-json\/wp\/v2\/users\/1"}],"replies":[{"embeddable":true,"href":"https:\/\/hakimbagy.com\/index.php\/wp-json\/wp\/v2\/comments?post=8"}],"version-history":[{"count":16,"href":"https:\/\/hakimbagy.com\/index.php\/wp-json\/wp\/v2\/pages\/8\/revisions"}],"predecessor-version":[{"id":346,"href":"https:\/\/hakimbagy.com\/index.php\/wp-json\/wp\/v2\/pages\/8\/revisions\/346"}],"wp:attachment":[{"href":"https:\/\/hakimbagy.com\/index.php\/wp-json\/wp\/v2\/media?parent=8"}],"curies":[{"name":"wp","href":"https:\/\/api.w.org\/{rel}","templated":true}]}}