{"id":332,"date":"2022-03-15T21:20:31","date_gmt":"2022-03-15T20:20:31","guid":{"rendered":"http:\/\/hakimbagy.com\/?page_id=332"},"modified":"2022-03-15T21:22:02","modified_gmt":"2022-03-15T20:22:02","slug":"elementor-332","status":"publish","type":"page","link":"https:\/\/hakimbagy.com\/index.php\/elementor-332\/","title":{"rendered":""},"content":{"rendered":"\t\t<div data-elementor-type=\"wp-page\" data-elementor-id=\"332\" class=\"elementor elementor-332\">\n\t\t\t\t\t\t\t\t\t<section class=\"elementor-section elementor-top-section elementor-element elementor-element-49ffcb5 elementor-section-boxed elementor-section-height-default elementor-section-height-default\" data-id=\"49ffcb5\" data-element_type=\"section\">\n\t\t\t\t\t\t<div class=\"elementor-container elementor-column-gap-default\">\n\t\t\t\t\t<div class=\"elementor-column elementor-col-50 elementor-top-column elementor-element elementor-element-82de1f4\" data-id=\"82de1f4\" data-element_type=\"column\">\n\t\t\t<div class=\"elementor-widget-wrap elementor-element-populated\">\n\t\t\t\t\t\t\t\t<div class=\"elementor-element elementor-element-59e6ff2 elementor-widget elementor-widget-text-editor\" data-id=\"59e6ff2\" data-element_type=\"widget\" data-widget_type=\"text-editor.default\">\n\t\t\t\t<div class=\"elementor-widget-container\">\n\t\t\t<style>\/*! elementor - v3.11.2 - 22-02-2023 *\/\n.elementor-widget-text-editor.elementor-drop-cap-view-stacked .elementor-drop-cap{background-color:#818a91;color:#fff}.elementor-widget-text-editor.elementor-drop-cap-view-framed .elementor-drop-cap{color:#818a91;border:3px solid;background-color:transparent}.elementor-widget-text-editor:not(.elementor-drop-cap-view-default) .elementor-drop-cap{margin-top:8px}.elementor-widget-text-editor:not(.elementor-drop-cap-view-default) .elementor-drop-cap-letter{width:1em;height:1em}.elementor-widget-text-editor .elementor-drop-cap{float:left;text-align:center;line-height:1;font-size:50px}.elementor-widget-text-editor .elementor-drop-cap-letter{display:inline-block}<\/style>\t\t\t\t<p class=\"p1\"><b>Palmar\u00e8s<\/b><\/p>\n<ul class=\"ul1\">\n<li class=\"li2\">Champion de France de marathon\u00a0<b>1999<\/b><\/li>\n<li class=\"li2\">Champion de France de semi marathon\u00a0<b>2004<\/b><\/li>\n<li class=\"li2\">11\u00e8me aux Championnats d\u2019Europe de marathon\u00a0<b>1998<\/b><\/li>\n<li class=\"li2\">16\u00e9me aux Championnats du monde de marathon\u00a0<b>2003<\/b><\/li>\n<li class=\"li2\">7\u00e9me au Marathon de Paris\u00a0<b>2001<\/b><\/li>\n<li class=\"li2\">2\u00e9me au marathon du Luxembourg\u00a0<b>2008<\/b><\/li>\n<li class=\"li2\">3\u00e9me au marathon de Reims\u00a0<b>2000<\/b><\/li>\n<li class=\"li2\">2 fois 2\u00e8me aux Championnats de France de 10000m<\/li>\n<li class=\"li2\">Champion de France de cross v\u00e9t\u00e9ran\u00a0<b>2009<\/b><\/li>\n<li class=\"li2\">Champion de France de cross militaire\u00a0<b>2001<\/b><\/li>\n<li class=\"li2\">Champion de France de semi-militaire de marathon\u00a0<b>1997<\/b><\/li>\n<li class=\"li2\">3 participations aux Championnats du monde de marathon\u00a0<\/li>\n<li class=\"li2\">3 participations aux Championnats d\u2019Europe de marathon<\/li>\n<li class=\"li2\">4\u00e8me par \u00e9quipe aux Championnats d\u2019Europe de cross\u00a0<b>1995<\/b><\/li>\n<li class=\"li2\">4\u00e8me par \u00e9quipe aux Championnats du monde de marathon\u00a0<b>2001<\/b><\/li>\n<li class=\"li2\">4\u00e8me par \u00e9quipe aux Championnats du monde de semi-marathon<\/li>\n<li class=\"li2\">Vainqueur du semi-marathon de Metz\u00a0<b>2005<\/b><\/li>\n<li class=\"li2\">Vainqueur du semi-marathon de Thionville\u00a0<b>2009<\/b><\/li>\n<\/ul>\t\t\t\t\t\t<\/div>\n\t\t\t\t<\/div>\n\t\t\t\t\t<\/div>\n\t\t<\/div>\n\t\t\t\t<div class=\"elementor-column elementor-col-50 elementor-top-column elementor-element elementor-element-6ee5e96\" data-id=\"6ee5e96\" data-element_type=\"column\">\n\t\t\t<div class=\"elementor-widget-wrap elementor-element-populated\">\n\t\t\t\t\t\t\t\t<div class=\"elementor-element elementor-element-cd1baff elementor-widget elementor-widget-text-editor\" data-id=\"cd1baff\" data-element_type=\"widget\" data-widget_type=\"text-editor.default\">\n\t\t\t\t<div class=\"elementor-widget-container\">\n\t\t\t\t\t\t\t<p class=\"p1\"><b>Records personnels<\/b><\/p>\n<ul class=\"ul1\">\n<li class=\"li2\">1\u201953 sur 800m<\/li>\n<li class=\"li2\">2\u201927 sur 1000m<\/li>\n<li class=\"li2\">3\u201947 sur 1500m<\/li>\n<li class=\"li2\">8\u201905 sur 3000m<\/li>\n<li class=\"li2\">13\u201953 sur 5000m<\/li>\n<li class=\"li2\">29\u201901 sur 10000m<\/li>\n<li class=\"li2\">1h03\u201914 sur\u00a0Semi-Marathon\u00a0<\/li>\n<li class=\"li2\">2h11\u201906 au\u00a0Marathon de Paris\u00a0<\/li>\n<\/ul>\n<p>\u00a0<\/p>\n<p class=\"p1\"><b>Dipl\u00f4mes<\/b><\/p>\n<ul class=\"ul1\">\n<li class=\"li2\">Brevet d\u2019Etat d\u2019Educateur Sportif<\/li>\n<li class=\"li2\">15 ans d\u2019arm\u00e9e en tant que moniteur de sports<\/li>\n<\/ul>\t\t\t\t\t\t<\/div>\n\t\t\t\t<\/div>\n\t\t\t\t\t<\/div>\n\t\t<\/div>\n\t\t\t\t\t\t\t<\/div>\n\t\t<\/section>\n\t\t\t\t\t\t\t<\/div>\n\t\t","protected":false},"excerpt":{"rendered":"<p>Palmar\u00e8s Champion de France de marathon&nbsp;1999 Champion de France de semi marathon&nbsp;2004 11\u00e8me aux Championnats d\u2019Europe de marathon&nbsp;1998 16\u00e9me aux Championnats du monde de marathon&nbsp;2003 7\u00e9me au Marathon de Paris&nbsp;2001 2\u00e9me au marathon du Luxembourg&nbsp;2008 3\u00e9me au marathon de Reims&nbsp;2000 2 fois 2\u00e8me aux Championnats de France de 10000m Champion de France de cross v\u00e9t\u00e9ran&nbsp;2009 [&hellip;]<\/p>\n","protected":false},"author":1,"featured_media":0,"parent":0,"menu_order":0,"comment_status":"closed","ping_status":"closed","template":"","meta":{"footnotes":""},"class_list":["post-332","page","type-page","status-publish","hentry"],"_links":{"self":[{"href":"https:\/\/hakimbagy.com\/index.php\/wp-json\/wp\/v2\/pages\/332","targetHints":{"allow":["GET"]}}],"collection":[{"href":"https:\/\/hakimbagy.com\/index.php\/wp-json\/wp\/v2\/pages"}],"about":[{"href":"https:\/\/hakimbagy.com\/index.php\/wp-json\/wp\/v2\/types\/page"}],"author":[{"embeddable":true,"href":"https:\/\/hakimbagy.com\/index.php\/wp-json\/wp\/v2\/users\/1"}],"replies":[{"embeddable":true,"href":"https:\/\/hakimbagy.com\/index.php\/wp-json\/wp\/v2\/comments?post=332"}],"version-history":[{"count":5,"href":"https:\/\/hakimbagy.com\/index.php\/wp-json\/wp\/v2\/pages\/332\/revisions"}],"predecessor-version":[{"id":340,"href":"https:\/\/hakimbagy.com\/index.php\/wp-json\/wp\/v2\/pages\/332\/revisions\/340"}],"wp:attachment":[{"href":"https:\/\/hakimbagy.com\/index.php\/wp-json\/wp\/v2\/media?parent=332"}],"curies":[{"name":"wp","href":"https:\/\/api.w.org\/{rel}","templated":true}]}}